{"id":112,"date":"2014-12-29T00:53:16","date_gmt":"2014-12-28T22:53:16","guid":{"rendered":"http:\/\/www.schwimmen-graefelfing.de\/dsj\/?page_id=112"},"modified":"2022-12-26T23:27:35","modified_gmt":"2022-12-26T21:27:35","slug":"kinderschwimmen","status":"publish","type":"page","link":"https:\/\/www.schwimmen-graefelfing.de\/?page_id=112","title":{"rendered":"Kinderschwimmen"},"content":{"rendered":"\n<p>Von Montag bis Freitag geben 14 \u00dcbungsleiter Schwimmunterricht f\u00fcr Kinder ab 5 Jahre bis ins Jugendalter. Wir lehren alle Schwimmarten, zuerst Brustschwimmen, R\u00fccken, Kraul und Schmetterling folgen. Die meisten Kinder kommen jahrelang zum Schwimmunterricht. Aber wir bieten auch Kurse f\u00fcr Nichtschwimmer oder Anf\u00e4nger mit geringen Vorkenntnissen an, die zeitlich begrenzt sind. Bei Interesse f\u00fcr die Aufnahme in die Schwimmabteilung muss man sich zuerst auf unsere lange elektronische Warteliste setzen. Bei \u00e4lteren Kindern meldet sich der \u00dcbungsleiter bei den Eltern, wenn er in seiner Gruppe Platz hat. Alter und Schwimmkenntnisse m\u00fcssen dann passend zu der Gruppe sein.<\/p>\n\n\n\n<p>Zweimal im Jahr, im Januar und September, beginnen wir mit Nichtschwimmer-Kursen. Wir k\u00f6nnen jeweils 4 Gruppen mit ca. 8 Kindern aufnehmen. Der Kurs ist zeitlich begrenzt auf ca. ein Jahr, damit die Kinder sicher das Schwimmen lernen. Danach haben die Kinder kein Recht mehr, den Anf\u00e4nger-Kurs zu besuchen, da wir in neuen Kursen Kindern die Chance geben, schwimmen zu lernen.<br>Jedoch k\u00f6nnen sich die Kinder erneut auf die Warteliste mit dem Status Seepferdchen setzen lassen, sobald sie ein Seepferdchen-Abzeichen in H\u00e4nden haben und weiter schwimmen wollen (Seepferdchen-Abzeichen: Sprung ins tiefe Wasser, 25 m am St\u00fcck schwimmen ohne Schwimmhilfe mit sichtbarem Ausatmen ins Wasser, Ring hochtauchen aus schulterhohem Wasser). Es dauert aber erfahrungsgem\u00e4\u00df 1-2 Jahre, bis wir wieder Platz f\u00fcr neue Gruppen haben.<\/p>\n","protected":false},"excerpt":{"rendered":"<p>Von Montag bis Freitag geben 14 \u00dcbungsleiter Schwimmunterricht f\u00fcr Kinder ab 5 Jahre bis ins Jugendalter. Wir lehren alle Schwimmarten, zuerst Brustschwimmen, R\u00fccken, Kraul und Schmetterling folgen. Die meisten Kinder kommen jahrelang zum Schwimmunterricht. Aber wir bieten auch Kurse f\u00fcr Nichtschwimmer oder Anf\u00e4nger mit geringen Vorkenntnissen an, die zeitlich begrenzt sind. Bei Interesse f\u00fcr die [&hellip;]<\/p>\n","protected":false},"author":1,"featured_media":0,"parent":0,"menu_order":0,"comment_status":"open","ping_status":"open","template":"page-templates\/front-page.php","meta":{"footnotes":""},"class_list":["post-112","page","type-page","status-publish","hentry"],"_links":{"self":[{"href":"https:\/\/www.schwimmen-graefelfing.de\/index.php?rest_route=\/wp\/v2\/pages\/112","targetHints":{"allow":["GET"]}}],"collection":[{"href":"https:\/\/www.schwimmen-graefelfing.de\/index.php?rest_route=\/wp\/v2\/pages"}],"about":[{"href":"https:\/\/www.schwimmen-graefelfing.de\/index.php?rest_route=\/wp\/v2\/types\/page"}],"author":[{"embeddable":true,"href":"https:\/\/www.schwimmen-graefelfing.de\/index.php?rest_route=\/wp\/v2\/users\/1"}],"replies":[{"embeddable":true,"href":"https:\/\/www.schwimmen-graefelfing.de\/index.php?rest_route=%2Fwp%2Fv2%2Fcomments&post=112"}],"version-history":[{"count":28,"href":"https:\/\/www.schwimmen-graefelfing.de\/index.php?rest_route=\/wp\/v2\/pages\/112\/revisions"}],"predecessor-version":[{"id":1107,"href":"https:\/\/www.schwimmen-graefelfing.de\/index.php?rest_route=\/wp\/v2\/pages\/112\/revisions\/1107"}],"wp:attachment":[{"href":"https:\/\/www.schwimmen-graefelfing.de\/index.php?rest_route=%2Fwp%2Fv2%2Fmedia&parent=112"}],"curies":[{"name":"wp","href":"https:\/\/api.w.org\/{rel}","templated":true}]}}